{"id":2,"date":"2025-02-01T15:29:04","date_gmt":"2025-02-01T14:29:04","guid":{"rendered":"http:\/\/localhost\/wordpress\/?page_id=2"},"modified":"2025-05-03T19:17:34","modified_gmt":"2025-05-03T17:17:34","slug":"voyage-sur-mesure-en-algerie","status":"publish","type":"page","link":"https:\/\/voyageurs-desertsdumonde.com\/index.php\/voyage-sur-mesure-en-algerie\/","title":{"rendered":"Voyage sur mesure en Alg\u00e9rie"},"content":{"rendered":"\t\t<div data-elementor-type=\"wp-page\" data-elementor-id=\"2\" class=\"elementor elementor-2\">\n\t\t\t\t\t\t<section class=\"elementor-section elementor-top-section elementor-element elementor-element-bbc4029 elementor-section-boxed elementor-section-height-default elementor-section-height-default row-top\" data-id=\"bbc4029\" data-element_type=\"section\">\n\t\t\t\t\t\t<div class=\"elementor-container elementor-column-gap-default\">\n\t\t\t\t\t<div class=\"elementor-column elementor-col-100 elementor-top-column elementor-element elementor-element-29ee7d4\" data-id=\"29ee7d4\" data-element_type=\"column\">\n\t\t\t<div class=\"elementor-widget-wrap elementor-element-populated\">\n\t\t\t\t\t\t<div class=\"elementor-element elementor-element-07d06a2 elementor-widget elementor-widget-text-editor\" data-id=\"07d06a2\" data-element_type=\"widget\" data-widget_type=\"text-editor.default\">\n\t\t\t\t<div class=\"elementor-widget-container\">\n\t\t\t\t\t\t\t\t\t<p>Vous r\u00eavez de vivre un voyage sur mesure hors des sentiers battus, de vous nourrir de grands espaces et de terres lointaines ou de vivre une exp\u00e9rience inoubliable en immersion ? Nos conseillers sp\u00e9cialistes de destination vous \u00e9coutent, cr\u00e9ent et personnalisent avec vous votre projet de voyage selon vos envies et selon votre budget. Vous \u00eates conseill\u00e9s et guid\u00e9s dans le choix de lieux insolites et authentiques, d\u2019activit\u00e9s nature, ou de rencontres des populations recul\u00e9es et b\u00e9n\u00e9ficiez de nos 36 ans d\u2019exp\u00e9rience dans l\u2019organisation de voyages d\u2019aventure dans le Alg\u00e9rie<br \/>. Vous pourrez \u00eatre en autonomie ou second\u00e9s d\u2019une logistique personnalis\u00e9e pour partir en randonn\u00e9e itin\u00e9rante, La randonn\u00e9e en train ou Le voyage en train<\/p>\n<p>2. L\u2019excursion en 4&#215;4 ou Le raid en v\u00e9hicule tout-terrain<br \/>3. La balade \u00e0 dos de chameau ou La caravane chameli\u00e8re<\/p>\n<p>simplement avec votre v\u00e9hicule. Que vous voyagiez avec vos enfants, avec votre conjoint.e, vos amis, nos conseillers vous accompagnent et rythment votre voyage selon vos envies. Et notre \u00e9quipe continue de vous assister 24\/24 durant toute la dur\u00e9e de votre voyage, vous permettant de le vivre en toute s\u00e9r\u00e9nit\u00e9.<\/p>\n<p>Construire votre aventure n\u2019a jamais \u00e9t\u00e9 aussi simple !<br \/>Des aventures personnalis\u00e9es pour tous<br \/>Avec Voyageurs D\u00e9sert du Monde, explorez le monde en couple, en famille ou entre amis. Nous vous offrons un service sur mesure, adapt\u00e9 \u00e0 vos envies et \u00e0 vos besoins, pour un voyage unique et m\u00e9morable. Que vous soyez amateur de randonn\u00e9es ou de d\u00e9couvertes culturelles, nos itin\u00e9raires embl\u00e9matiques ou originaux vous garantissent une exp\u00e9rience inoubliable.<br \/>Des conseillers experts \u00e0 votre service<br \/>Nos conseillers sp\u00e9cialistes sont \u00e0 votre \u00e9coute \u00e0 tout moment pour vous accompagner dans la cr\u00e9ation de votre voyage sur mesure. Ils sauront vous guider dans le choix des destinations, des h\u00e9bergements et des activit\u00e9s, en tenant compte de vos pr\u00e9f\u00e9rences et de votre budget. Profitez de leurs connaissances approfondies pour concevoir un s\u00e9jour qui vous ressemble.<br \/>Voyagez \u00e0 votre rythme avec des itin\u00e9raires sur mesure<\/p>\n<p>Les voyages sur mesure de Voyageurs D\u00e9sert du Monde vous permettent de suivre des itin\u00e9raires originaux et vari\u00e9s, loin des sentiers battus. Randonnez \u00e0 votre propre rythme, en choisissant le type de randonn\u00e9e qui vous convient le mieux. Si l&#8217;envie vous prend, prenez le temps de vous poser dans un petit village ou de prolonger votre pause d\u00e9jeuner. Cr\u00e9ez un groupe homog\u00e8ne avec les m\u00eames attentes et profitez de chaque instant de votre aventure.<\/p>\t\t\t\t\t\t\t\t<\/div>\n\t\t\t\t<\/div>\n\t\t\t\t<div class=\"elementor-element elementor-element-028b8f2 elementor-widget elementor-widget-shortcode\" data-id=\"028b8f2\" data-element_type=\"widget\" data-widget_type=\"shortcode.default\">\n\t\t\t\t<div class=\"elementor-widget-container\">\n\t\t\t\t\t\t\t<div class=\"elementor-shortcode\">\n<div class=\"wpcf7 no-js\" id=\"wpcf7-f1396-o1\" lang=\"fr-FR\" dir=\"ltr\" data-wpcf7-id=\"1396\">\n<div class=\"screen-reader-response\"><p role=\"status\" aria-live=\"polite\" aria-atomic=\"true\"><\/p> <ul><\/ul><\/div>\n<form action=\"\/index.php\/wp-json\/wp\/v2\/pages\/2#wpcf7-f1396-o1\" method=\"post\" class=\"wpcf7-form init\" aria-label=\"Formulaire de contact\" novalidate=\"novalidate\" data-status=\"init\">\n<div style=\"display: none;\">\n<input type=\"hidden\" name=\"_wpcf7\" value=\"1396\" \/>\n<input type=\"hidden\" name=\"_wpcf7_version\" value=\"6.0.3\" \/>\n<input type=\"hidden\" name=\"_wpcf7_locale\" value=\"fr_FR\" \/>\n<input type=\"hidden\" name=\"_wpcf7_unit_tag\" value=\"wpcf7-f1396-o1\" \/>\n<input type=\"hidden\" name=\"_wpcf7_container_post\" value=\"0\" \/>\n<input type=\"hidden\" name=\"_wpcf7_posted_data_hash\" value=\"\" \/>\n<\/div>\n<label> Votre nom<br \/>\n<span class=\"wpcf7-form-control-wrap\" data-name=\"your-name\"><input size=\"40\" maxlength=\"400\" class=\"wpcf7-form-control wpcf7-text wpcf7-validates-as-required\" autocomplete=\"name\" aria-required=\"true\" aria-invalid=\"false\" value=\"\" type=\"text\" name=\"your-name\" \/><\/span> <\/label><br \/><br \/>\n\n<label> Votre e-mail<br \/>\n<span class=\"wpcf7-form-control-wrap\" data-name=\"your-email\"><input size=\"40\" maxlength=\"400\" class=\"wpcf7-form-control wpcf7-email wpcf7-validates-as-required wpcf7-text wpcf7-validates-as-email\" autocomplete=\"email\" aria-required=\"true\" aria-invalid=\"false\" value=\"\" type=\"email\" name=\"your-email\" \/><\/span> <\/label><br \/><br \/>\n\n<label> Objet<br \/>\n<span class=\"wpcf7-form-control-wrap\" data-name=\"your-subject\"><input size=\"40\" maxlength=\"400\" class=\"wpcf7-form-control wpcf7-text wpcf7-validates-as-required\" aria-required=\"true\" aria-invalid=\"false\" value=\"\" type=\"text\" name=\"your-subject\" \/><\/span> <\/label><br \/><br \/>\n\n<label> Date d'arriv\u00e9e<br \/>\n<span class=\"wpcf7-form-control-wrap\" data-name=\"arrival-date\"><input class=\"wpcf7-form-control wpcf7-date wpcf7-validates-as-required wpcf7-validates-as-date\" aria-required=\"true\" aria-invalid=\"false\" value=\"\" type=\"date\" name=\"arrival-date\" \/><\/span> <\/label><br \/><br \/>\n\n<label> Date de d\u00e9part<br \/>\n<span class=\"wpcf7-form-control-wrap\" data-name=\"departure-date\"><input class=\"wpcf7-form-control wpcf7-date wpcf7-validates-as-required wpcf7-validates-as-date\" aria-required=\"true\" aria-invalid=\"false\" value=\"\" type=\"date\" name=\"departure-date\" \/><\/span> <\/label><br \/><br \/>\n\n<label> Budget approximatif (\u20ac)<br \/>\n<span class=\"wpcf7-form-control-wrap\" data-name=\"budget\"><input class=\"wpcf7-form-control wpcf7-number wpcf7-validates-as-required wpcf7-validates-as-number\" min=\"0\" aria-required=\"true\" aria-invalid=\"false\" value=\"\" type=\"number\" name=\"budget\" \/><\/span> <\/label><br \/><br \/>\n\n<label> Votre message (facultatif)<br \/>\n<span class=\"wpcf7-form-control-wrap\" data-name=\"your-message\"><textarea cols=\"40\" rows=\"10\" maxlength=\"2000\" class=\"wpcf7-form-control wpcf7-textarea\" aria-invalid=\"false\" name=\"your-message\"><\/textarea><\/span> <\/label><br \/><br \/>\n\n<input class=\"wpcf7-form-control wpcf7-submit has-spinner\" type=\"submit\" value=\"Envoyer\" \/><div class=\"wpcf7-response-output\" aria-hidden=\"true\"><\/div>\n<\/form>\n<\/div>\n<\/div>\n\t\t\t\t\t\t<\/div>\n\t\t\t\t<\/div>\n\t\t\t\t\t<\/div>\n\t\t<\/div>\n\t\t\t\t\t<\/div>\n\t\t<\/section>\n\t\t\t\t<\/div>\n\t\t","protected":false},"excerpt":{"rendered":"<p>Vous r\u00eavez de vivre un voyage sur mesure hors des sentiers battus, de vous nourrir de grands espaces et de terres lointaines ou de vivre une exp\u00e9rience inoubliable en immersion [&hellip;]<\/p>\n","protected":false},"author":1,"featured_media":0,"parent":0,"menu_order":0,"comment_status":"closed","ping_status":"open","template":"","meta":{"footnotes":""},"class_list":["post-2","page","type-page","status-publish","hentry"],"yoast_head":"<!-- This site is optimized with the Yoast SEO plugin v24.6 - https:\/\/yoast.com\/wordpress\/plugins\/seo\/ -->\n<title>Voyage sur mesure en Alg\u00e9rie - Voyageurs deserts du monde<\/title>\n<meta name=\"robots\" content=\"index, follow, max-snippet:-1, max-image-preview:large, max-video-preview:-1\" \/>\n<link rel=\"canonical\" href=\"https:\/\/voyageurs-desertsdumonde.com\/index.php\/voyage-sur-mesure-en-algerie\/\" \/>\n<meta property=\"og:locale\" content=\"fr_FR\" \/>\n<meta property=\"og:type\" content=\"article\" \/>\n<meta property=\"og:title\" content=\"Voyage sur mesure en Alg\u00e9rie - Voyageurs deserts du monde\" \/>\n<meta property=\"og:description\" content=\"Vous r\u00eavez de vivre un voyage sur mesure hors des sentiers battus, de vous nourrir de grands espaces et de terres lointaines ou de vivre une exp\u00e9rience inoubliable en immersion [&hellip;]\" \/>\n<meta property=\"og:url\" content=\"https:\/\/voyageurs-desertsdumonde.com\/index.php\/voyage-sur-mesure-en-algerie\/\" \/>\n<meta property=\"og:site_name\" content=\"Voyageurs deserts du monde\" \/>\n<meta property=\"article:modified_time\" content=\"2025-05-03T17:17:34+00:00\" \/>\n<meta name=\"twitter:card\" content=\"summary_large_image\" \/>\n<meta name=\"twitter:label1\" content=\"Dur\u00e9e de lecture estim\u00e9e\" \/>\n\t<meta name=\"twitter:data1\" content=\"3 minutes\" \/>\n<script type=\"application\/ld+json\" class=\"yoast-schema-graph\">{\"@context\":\"https:\/\/schema.org\",\"@graph\":[{\"@type\":\"WebPage\",\"@id\":\"https:\/\/voyageurs-desertsdumonde.com\/index.php\/voyage-sur-mesure-en-algerie\/\",\"url\":\"https:\/\/voyageurs-desertsdumonde.com\/index.php\/voyage-sur-mesure-en-algerie\/\",\"name\":\"Voyage sur mesure en Alg\u00e9rie - Voyageurs deserts du monde\",\"isPartOf\":{\"@id\":\"https:\/\/voyageurs-desertsdumonde.com\/#website\"},\"datePublished\":\"2025-02-01T14:29:04+00:00\",\"dateModified\":\"2025-05-03T17:17:34+00:00\",\"breadcrumb\":{\"@id\":\"https:\/\/voyageurs-desertsdumonde.com\/index.php\/voyage-sur-mesure-en-algerie\/#breadcrumb\"},\"inLanguage\":\"fr-FR\",\"potentialAction\":[{\"@type\":\"ReadAction\",\"target\":[\"https:\/\/voyageurs-desertsdumonde.com\/index.php\/voyage-sur-mesure-en-algerie\/\"]}]},{\"@type\":\"BreadcrumbList\",\"@id\":\"https:\/\/voyageurs-desertsdumonde.com\/index.php\/voyage-sur-mesure-en-algerie\/#breadcrumb\",\"itemListElement\":[{\"@type\":\"ListItem\",\"position\":1,\"name\":\"Accueil\",\"item\":\"https:\/\/voyageurs-desertsdumonde.com\/\"},{\"@type\":\"ListItem\",\"position\":2,\"name\":\"Voyage sur mesure en Alg\u00e9rie\"}]},{\"@type\":\"WebSite\",\"@id\":\"https:\/\/voyageurs-desertsdumonde.com\/#website\",\"url\":\"https:\/\/voyageurs-desertsdumonde.com\/\",\"name\":\"Voyageurs deserts du monde\",\"description\":\"\",\"publisher\":{\"@id\":\"https:\/\/voyageurs-desertsdumonde.com\/#organization\"},\"potentialAction\":[{\"@type\":\"SearchAction\",\"target\":{\"@type\":\"EntryPoint\",\"urlTemplate\":\"https:\/\/voyageurs-desertsdumonde.com\/?s={search_term_string}\"},\"query-input\":{\"@type\":\"PropertyValueSpecification\",\"valueRequired\":true,\"valueName\":\"search_term_string\"}}],\"inLanguage\":\"fr-FR\"},{\"@type\":\"Organization\",\"@id\":\"https:\/\/voyageurs-desertsdumonde.com\/#organization\",\"name\":\"Voyageurs deserts du monde\",\"url\":\"https:\/\/voyageurs-desertsdumonde.com\/\",\"logo\":{\"@type\":\"ImageObject\",\"inLanguage\":\"fr-FR\",\"@id\":\"https:\/\/voyageurs-desertsdumonde.com\/#\/schema\/logo\/image\/\",\"url\":\"https:\/\/voyageurs-desertsdumonde.com\/wp-content\/uploads\/2021\/08\/logo-vdm.png\",\"contentUrl\":\"https:\/\/voyageurs-desertsdumonde.com\/wp-content\/uploads\/2021\/08\/logo-vdm.png\",\"width\":543,\"height\":290,\"caption\":\"Voyageurs deserts du monde\"},\"image\":{\"@id\":\"https:\/\/voyageurs-desertsdumonde.com\/#\/schema\/logo\/image\/\"}}]}<\/script>\n<!-- \/ Yoast SEO plugin. -->","yoast_head_json":{"title":"Voyage sur mesure en Alg\u00e9rie - Voyageurs deserts du monde","robots":{"index":"index","follow":"follow","max-snippet":"max-snippet:-1","max-image-preview":"max-image-preview:large","max-video-preview":"max-video-preview:-1"},"canonical":"https:\/\/voyageurs-desertsdumonde.com\/index.php\/voyage-sur-mesure-en-algerie\/","og_locale":"fr_FR","og_type":"article","og_title":"Voyage sur mesure en Alg\u00e9rie - Voyageurs deserts du monde","og_description":"Vous r\u00eavez de vivre un voyage sur mesure hors des sentiers battus, de vous nourrir de grands espaces et de terres lointaines ou de vivre une exp\u00e9rience inoubliable en immersion [&hellip;]","og_url":"https:\/\/voyageurs-desertsdumonde.com\/index.php\/voyage-sur-mesure-en-algerie\/","og_site_name":"Voyageurs deserts du monde","article_modified_time":"2025-05-03T17:17:34+00:00","twitter_card":"summary_large_image","twitter_misc":{"Dur\u00e9e de lecture estim\u00e9e":"3 minutes"},"schema":{"@context":"https:\/\/schema.org","@graph":[{"@type":"WebPage","@id":"https:\/\/voyageurs-desertsdumonde.com\/index.php\/voyage-sur-mesure-en-algerie\/","url":"https:\/\/voyageurs-desertsdumonde.com\/index.php\/voyage-sur-mesure-en-algerie\/","name":"Voyage sur mesure en Alg\u00e9rie - Voyageurs deserts du monde","isPartOf":{"@id":"https:\/\/voyageurs-desertsdumonde.com\/#website"},"datePublished":"2025-02-01T14:29:04+00:00","dateModified":"2025-05-03T17:17:34+00:00","breadcrumb":{"@id":"https:\/\/voyageurs-desertsdumonde.com\/index.php\/voyage-sur-mesure-en-algerie\/#breadcrumb"},"inLanguage":"fr-FR","potentialAction":[{"@type":"ReadAction","target":["https:\/\/voyageurs-desertsdumonde.com\/index.php\/voyage-sur-mesure-en-algerie\/"]}]},{"@type":"BreadcrumbList","@id":"https:\/\/voyageurs-desertsdumonde.com\/index.php\/voyage-sur-mesure-en-algerie\/#breadcrumb","itemListElement":[{"@type":"ListItem","position":1,"name":"Accueil","item":"https:\/\/voyageurs-desertsdumonde.com\/"},{"@type":"ListItem","position":2,"name":"Voyage sur mesure en Alg\u00e9rie"}]},{"@type":"WebSite","@id":"https:\/\/voyageurs-desertsdumonde.com\/#website","url":"https:\/\/voyageurs-desertsdumonde.com\/","name":"Voyageurs deserts du monde","description":"","publisher":{"@id":"https:\/\/voyageurs-desertsdumonde.com\/#organization"},"potentialAction":[{"@type":"SearchAction","target":{"@type":"EntryPoint","urlTemplate":"https:\/\/voyageurs-desertsdumonde.com\/?s={search_term_string}"},"query-input":{"@type":"PropertyValueSpecification","valueRequired":true,"valueName":"search_term_string"}}],"inLanguage":"fr-FR"},{"@type":"Organization","@id":"https:\/\/voyageurs-desertsdumonde.com\/#organization","name":"Voyageurs deserts du monde","url":"https:\/\/voyageurs-desertsdumonde.com\/","logo":{"@type":"ImageObject","inLanguage":"fr-FR","@id":"https:\/\/voyageurs-desertsdumonde.com\/#\/schema\/logo\/image\/","url":"https:\/\/voyageurs-desertsdumonde.com\/wp-content\/uploads\/2021\/08\/logo-vdm.png","contentUrl":"https:\/\/voyageurs-desertsdumonde.com\/wp-content\/uploads\/2021\/08\/logo-vdm.png","width":543,"height":290,"caption":"Voyageurs deserts du monde"},"image":{"@id":"https:\/\/voyageurs-desertsdumonde.com\/#\/schema\/logo\/image\/"}}]}},"_links":{"self":[{"href":"https:\/\/voyageurs-desertsdumonde.com\/index.php\/wp-json\/wp\/v2\/pages\/2","targetHints":{"allow":["GET"]}}],"collection":[{"href":"https:\/\/voyageurs-desertsdumonde.com\/index.php\/wp-json\/wp\/v2\/pages"}],"about":[{"href":"https:\/\/voyageurs-desertsdumonde.com\/index.php\/wp-json\/wp\/v2\/types\/page"}],"author":[{"embeddable":true,"href":"https:\/\/voyageurs-desertsdumonde.com\/index.php\/wp-json\/wp\/v2\/users\/1"}],"replies":[{"embeddable":true,"href":"https:\/\/voyageurs-desertsdumonde.com\/index.php\/wp-json\/wp\/v2\/comments?post=2"}],"version-history":[{"count":3,"href":"https:\/\/voyageurs-desertsdumonde.com\/index.php\/wp-json\/wp\/v2\/pages\/2\/revisions"}],"predecessor-version":[{"id":1399,"href":"https:\/\/voyageurs-desertsdumonde.com\/index.php\/wp-json\/wp\/v2\/pages\/2\/revisions\/1399"}],"wp:attachment":[{"href":"https:\/\/voyageurs-desertsdumonde.com\/index.php\/wp-json\/wp\/v2\/media?parent=2"}],"curies":[{"name":"wp","href":"https:\/\/api.w.org\/{rel}","templated":true}]}}