{"id":1642,"date":"2026-04-19T18:17:13","date_gmt":"2026-04-19T16:17:13","guid":{"rendered":"https:\/\/voyageurs-desertsdumonde.com\/?page_id=1642"},"modified":"2026-04-19T19:05:12","modified_gmt":"2026-04-19T17:05:12","slug":"egypte","status":"publish","type":"page","link":"https:\/\/voyageurs-desertsdumonde.com\/index.php\/egypte\/","title":{"rendered":"Egypte"},"content":{"rendered":"\t\t<div data-elementor-type=\"wp-page\" data-elementor-id=\"1642\" class=\"elementor elementor-1642\">\n\t\t\t\t\t\t<section class=\"elementor-section elementor-top-section elementor-element elementor-element-8e2b1de elementor-section-boxed elementor-section-height-default elementor-section-height-default row-top\" data-id=\"8e2b1de\" data-element_type=\"section\" data-settings=\"{&quot;background_background&quot;:&quot;classic&quot;}\">\n\t\t\t\t\t\t<div class=\"elementor-container elementor-column-gap-default\">\n\t\t\t\t\t<div class=\"elementor-column elementor-col-100 elementor-top-column elementor-element elementor-element-fc621be\" data-id=\"fc621be\" data-element_type=\"column\" data-settings=\"{&quot;background_background&quot;:&quot;slideshow&quot;,&quot;background_slideshow_gallery&quot;:[],&quot;background_slideshow_loop&quot;:&quot;yes&quot;,&quot;background_slideshow_slide_duration&quot;:5000,&quot;background_slideshow_slide_transition&quot;:&quot;fade&quot;,&quot;background_slideshow_transition_duration&quot;:500}\">\n\t\t\t<div class=\"elementor-widget-wrap elementor-element-populated\">\n\t\t\t\t\t\t<div class=\"elementor-element elementor-element-2dc681d elementor-widget elementor-widget-gva-heading-block\" data-id=\"2dc681d\" data-element_type=\"widget\" data-widget_type=\"gva-heading-block.default\">\n\t\t\t\t<div class=\"elementor-widget-container\">\n\t\t\t\t\t<div class=\"gva-element-gva-heading-block gva-element\">   <div class=\"align-left style-1 widget gsc-heading box-align-left auto-responsive\">\r\n      <div class=\"content-inner\">\r\n         \r\n                  \r\n                     <div class=\"sub-title\"><span>Voayge Antique<\/span><\/div>\r\n           \r\n         \r\n                     <h2 class=\"title\">\r\n               <span>Egypte<\/span>\r\n            <\/h2>\r\n                  \r\n         \r\n      <\/div>\r\n   <\/div>\r\n<\/div>\t\t\t\t<\/div>\n\t\t\t\t<\/div>\n\t\t\t\t\t<\/div>\n\t\t<\/div>\n\t\t\t\t\t<\/div>\n\t\t<\/section>\n\t\t\t\t<section class=\"elementor-section elementor-top-section elementor-element elementor-element-28c052b elementor-section-boxed elementor-section-height-default elementor-section-height-default row-top\" data-id=\"28c052b\" data-element_type=\"section\">\n\t\t\t\t\t\t<div class=\"elementor-container elementor-column-gap-default\">\n\t\t\t\t\t<div class=\"elementor-column elementor-col-100 elementor-top-column elementor-element elementor-element-61c1c72\" data-id=\"61c1c72\" data-element_type=\"column\">\n\t\t\t<div class=\"elementor-widget-wrap elementor-element-populated\">\n\t\t\t\t\t\t<div class=\"elementor-element elementor-element-8531fd9 elementor-widget elementor-widget-gva-heading-block\" data-id=\"8531fd9\" data-element_type=\"widget\" data-widget_type=\"gva-heading-block.default\">\n\t\t\t\t<div class=\"elementor-widget-container\">\n\t\t\t\t\t<div class=\"gva-element-gva-heading-block gva-element\">   <div class=\"align-center style-1 widget gsc-heading box-align-center auto-responsive\">\r\n      <div class=\"content-inner\">\r\n         \r\n                  \r\n                     <div class=\"sub-title\"><span>Nos r\u00e9gions et voyages<\/span><\/div>\r\n           \r\n         \r\n                     <h2 class=\"title\">\r\n               <span>En Egypte<\/span>\r\n            <\/h2>\r\n                  \r\n         \r\n      <\/div>\r\n   <\/div>\r\n<\/div>\t\t\t\t<\/div>\n\t\t\t\t<\/div>\n\t\t\t\t\t<\/div>\n\t\t<\/div>\n\t\t\t\t\t<\/div>\n\t\t<\/section>\n\t\t\t\t<section class=\"elementor-section elementor-top-section elementor-element elementor-element-6157b6f elementor-section-boxed elementor-section-height-default elementor-section-height-default row-top\" data-id=\"6157b6f\" data-element_type=\"section\">\n\t\t\t\t\t\t<div class=\"elementor-container elementor-column-gap-default\">\n\t\t\t\t\t<div class=\"elementor-column elementor-col-50 elementor-top-column elementor-element elementor-element-c8e0ba8\" data-id=\"c8e0ba8\" data-element_type=\"column\">\n\t\t\t<div class=\"elementor-widget-wrap elementor-element-populated\">\n\t\t\t\t\t\t<div class=\"elementor-element elementor-element-ae0ebe0 elementor-widget elementor-widget-gva_ba_banner\" data-id=\"ae0ebe0\" data-element_type=\"widget\" data-widget_type=\"gva_ba_banner.default\">\n\t\t\t\t<div class=\"elementor-widget-container\">\n\t\t\t\t\t<div class=\"gva-element-gva_ba_banner gva-element\">\r\n<div class=\"gsc-booking-banner text-left style-1\">\r\n   <div class=\"listings-banner-content\">\r\n      \r\n      \r\n               <div class=\"banner-image\">\r\n            <img decoding=\"async\" src=\"https:\/\/voyageurs-desertsdumonde.com\/wp-content\/uploads\/2026\/04\/WhatsApp-Image-2026-04-17-at-09.14.11-4.jpeg\" alt=\"D\u00e9couverte du Nil et du Caire\" \/>\r\n         <\/div>\r\n      \r\n      <div class=\"banner-content\">\r\n         \r\n         \r\n                     <h3 class=\"title\">D\u00e9couverte du Nil et du Caire<\/h3>\r\n         \r\n         \r\n      <\/div>\r\n\r\n               <a class=\"link-term-overlay\" href=\"https:\/\/voyageurs-desertsdumonde.com\/index.php\/booking\/decouverte-du-nil-et-du-caire\/\"><\/a>\r\n                     \r\n   <\/div>\r\n<\/div><\/div>\t\t\t\t<\/div>\n\t\t\t\t<\/div>\n\t\t\t\t\t<\/div>\n\t\t<\/div>\n\t\t\t\t<div class=\"elementor-column elementor-col-50 elementor-top-column elementor-element elementor-element-903461e\" data-id=\"903461e\" data-element_type=\"column\">\n\t\t\t<div class=\"elementor-widget-wrap elementor-element-populated\">\n\t\t\t\t\t\t<div class=\"elementor-element elementor-element-6e648aa elementor-widget elementor-widget-gva_ba_banner\" data-id=\"6e648aa\" data-element_type=\"widget\" data-widget_type=\"gva_ba_banner.default\">\n\t\t\t\t<div class=\"elementor-widget-container\">\n\t\t\t\t\t<div class=\"gva-element-gva_ba_banner gva-element\">\r\n<div class=\"gsc-booking-banner text-left style-1\">\r\n   <div class=\"listings-banner-content\">\r\n      \r\n      \r\n               <div class=\"banner-image\">\r\n            <img decoding=\"async\" src=\"https:\/\/voyageurs-desertsdumonde.com\/wp-content\/uploads\/2026\/04\/WhatsApp-Image-2026-04-17-at-09.14.09.jpeg\" alt=\"D\u00e9couverte du Nil en bateau traditionnel\" \/>\r\n         <\/div>\r\n      \r\n      <div class=\"banner-content\">\r\n         \r\n         \r\n                     <h3 class=\"title\">D\u00e9couverte du Nil en bateau traditionnel<\/h3>\r\n         \r\n         \r\n      <\/div>\r\n\r\n               <a class=\"link-term-overlay\" href=\"https:\/\/voyageurs-desertsdumonde.com\/index.php\/booking\/decouverte-du-nil-en-bateau-traditionel\"><\/a>\r\n                     \r\n   <\/div>\r\n<\/div><\/div>\t\t\t\t<\/div>\n\t\t\t\t<\/div>\n\t\t\t\t\t<\/div>\n\t\t<\/div>\n\t\t\t\t\t<\/div>\n\t\t<\/section>\n\t\t\t\t<\/div>\n\t\t","protected":false},"excerpt":{"rendered":"<p>Voayge Antique Egypte Nos r\u00e9gions et voyages En Egypte D\u00e9couverte du Nil et du Caire D\u00e9couverte du Nil en bateau traditionnel<\/p>\n","protected":false},"author":1,"featured_media":0,"parent":0,"menu_order":0,"comment_status":"closed","ping_status":"closed","template":"","meta":{"footnotes":""},"class_list":["post-1642","page","type-page","status-publish","hentry"],"yoast_head":"<!-- This site is optimized with the Yoast SEO plugin v24.6 - https:\/\/yoast.com\/wordpress\/plugins\/seo\/ -->\n<title>Egypte - Voyageurs deserts du monde<\/title>\n<meta name=\"robots\" content=\"index, follow, max-snippet:-1, max-image-preview:large, max-video-preview:-1\" \/>\n<link rel=\"canonical\" href=\"https:\/\/voyageurs-desertsdumonde.com\/index.php\/egypte\/\" \/>\n<meta property=\"og:locale\" content=\"fr_FR\" \/>\n<meta property=\"og:type\" content=\"article\" \/>\n<meta property=\"og:title\" content=\"Egypte - Voyageurs deserts du monde\" \/>\n<meta property=\"og:description\" content=\"Voayge Antique Egypte Nos r\u00e9gions et voyages En Egypte D\u00e9couverte du Nil et du Caire D\u00e9couverte du Nil en bateau traditionnel\" \/>\n<meta property=\"og:url\" content=\"https:\/\/voyageurs-desertsdumonde.com\/index.php\/egypte\/\" \/>\n<meta property=\"og:site_name\" content=\"Voyageurs deserts du monde\" \/>\n<meta property=\"article:modified_time\" content=\"2026-04-19T17:05:12+00:00\" \/>\n<meta property=\"og:image\" content=\"https:\/\/voyageurs-desertsdumonde.com\/wp-content\/uploads\/2026\/04\/WhatsApp-Image-2026-04-17-at-09.14.11-4.jpeg\" \/>\n<meta name=\"twitter:card\" content=\"summary_large_image\" \/>\n<meta name=\"twitter:label1\" content=\"Dur\u00e9e de lecture estim\u00e9e\" \/>\n\t<meta name=\"twitter:data1\" content=\"1 minute\" \/>\n<script type=\"application\/ld+json\" class=\"yoast-schema-graph\">{\"@context\":\"https:\/\/schema.org\",\"@graph\":[{\"@type\":\"WebPage\",\"@id\":\"https:\/\/voyageurs-desertsdumonde.com\/index.php\/egypte\/\",\"url\":\"https:\/\/voyageurs-desertsdumonde.com\/index.php\/egypte\/\",\"name\":\"Egypte - Voyageurs deserts du monde\",\"isPartOf\":{\"@id\":\"https:\/\/voyageurs-desertsdumonde.com\/#website\"},\"primaryImageOfPage\":{\"@id\":\"https:\/\/voyageurs-desertsdumonde.com\/index.php\/egypte\/#primaryimage\"},\"image\":{\"@id\":\"https:\/\/voyageurs-desertsdumonde.com\/index.php\/egypte\/#primaryimage\"},\"thumbnailUrl\":\"https:\/\/voyageurs-desertsdumonde.com\/wp-content\/uploads\/2026\/04\/WhatsApp-Image-2026-04-17-at-09.14.11-4.jpeg\",\"datePublished\":\"2026-04-19T16:17:13+00:00\",\"dateModified\":\"2026-04-19T17:05:12+00:00\",\"breadcrumb\":{\"@id\":\"https:\/\/voyageurs-desertsdumonde.com\/index.php\/egypte\/#breadcrumb\"},\"inLanguage\":\"fr-FR\",\"potentialAction\":[{\"@type\":\"ReadAction\",\"target\":[\"https:\/\/voyageurs-desertsdumonde.com\/index.php\/egypte\/\"]}]},{\"@type\":\"ImageObject\",\"inLanguage\":\"fr-FR\",\"@id\":\"https:\/\/voyageurs-desertsdumonde.com\/index.php\/egypte\/#primaryimage\",\"url\":\"https:\/\/voyageurs-desertsdumonde.com\/wp-content\/uploads\/2026\/04\/WhatsApp-Image-2026-04-17-at-09.14.11-4.jpeg\",\"contentUrl\":\"https:\/\/voyageurs-desertsdumonde.com\/wp-content\/uploads\/2026\/04\/WhatsApp-Image-2026-04-17-at-09.14.11-4.jpeg\",\"width\":1600,\"height\":1204},{\"@type\":\"BreadcrumbList\",\"@id\":\"https:\/\/voyageurs-desertsdumonde.com\/index.php\/egypte\/#breadcrumb\",\"itemListElement\":[{\"@type\":\"ListItem\",\"position\":1,\"name\":\"Accueil\",\"item\":\"https:\/\/voyageurs-desertsdumonde.com\/\"},{\"@type\":\"ListItem\",\"position\":2,\"name\":\"Egypte\"}]},{\"@type\":\"WebSite\",\"@id\":\"https:\/\/voyageurs-desertsdumonde.com\/#website\",\"url\":\"https:\/\/voyageurs-desertsdumonde.com\/\",\"name\":\"Voyageurs deserts du monde\",\"description\":\"\",\"publisher\":{\"@id\":\"https:\/\/voyageurs-desertsdumonde.com\/#organization\"},\"potentialAction\":[{\"@type\":\"SearchAction\",\"target\":{\"@type\":\"EntryPoint\",\"urlTemplate\":\"https:\/\/voyageurs-desertsdumonde.com\/?s={search_term_string}\"},\"query-input\":{\"@type\":\"PropertyValueSpecification\",\"valueRequired\":true,\"valueName\":\"search_term_string\"}}],\"inLanguage\":\"fr-FR\"},{\"@type\":\"Organization\",\"@id\":\"https:\/\/voyageurs-desertsdumonde.com\/#organization\",\"name\":\"Voyageurs deserts du monde\",\"url\":\"https:\/\/voyageurs-desertsdumonde.com\/\",\"logo\":{\"@type\":\"ImageObject\",\"inLanguage\":\"fr-FR\",\"@id\":\"https:\/\/voyageurs-desertsdumonde.com\/#\/schema\/logo\/image\/\",\"url\":\"https:\/\/voyageurs-desertsdumonde.com\/wp-content\/uploads\/2021\/08\/logo-vdm.png\",\"contentUrl\":\"https:\/\/voyageurs-desertsdumonde.com\/wp-content\/uploads\/2021\/08\/logo-vdm.png\",\"width\":543,\"height\":290,\"caption\":\"Voyageurs deserts du monde\"},\"image\":{\"@id\":\"https:\/\/voyageurs-desertsdumonde.com\/#\/schema\/logo\/image\/\"}}]}<\/script>\n<!-- \/ Yoast SEO plugin. -->","yoast_head_json":{"title":"Egypte - Voyageurs deserts du monde","robots":{"index":"index","follow":"follow","max-snippet":"max-snippet:-1","max-image-preview":"max-image-preview:large","max-video-preview":"max-video-preview:-1"},"canonical":"https:\/\/voyageurs-desertsdumonde.com\/index.php\/egypte\/","og_locale":"fr_FR","og_type":"article","og_title":"Egypte - Voyageurs deserts du monde","og_description":"Voayge Antique Egypte Nos r\u00e9gions et voyages En Egypte D\u00e9couverte du Nil et du Caire D\u00e9couverte du Nil en bateau traditionnel","og_url":"https:\/\/voyageurs-desertsdumonde.com\/index.php\/egypte\/","og_site_name":"Voyageurs deserts du monde","article_modified_time":"2026-04-19T17:05:12+00:00","og_image":[{"url":"https:\/\/voyageurs-desertsdumonde.com\/wp-content\/uploads\/2026\/04\/WhatsApp-Image-2026-04-17-at-09.14.11-4.jpeg","type":"","width":"","height":""}],"twitter_card":"summary_large_image","twitter_misc":{"Dur\u00e9e de lecture estim\u00e9e":"1 minute"},"schema":{"@context":"https:\/\/schema.org","@graph":[{"@type":"WebPage","@id":"https:\/\/voyageurs-desertsdumonde.com\/index.php\/egypte\/","url":"https:\/\/voyageurs-desertsdumonde.com\/index.php\/egypte\/","name":"Egypte - Voyageurs deserts du monde","isPartOf":{"@id":"https:\/\/voyageurs-desertsdumonde.com\/#website"},"primaryImageOfPage":{"@id":"https:\/\/voyageurs-desertsdumonde.com\/index.php\/egypte\/#primaryimage"},"image":{"@id":"https:\/\/voyageurs-desertsdumonde.com\/index.php\/egypte\/#primaryimage"},"thumbnailUrl":"https:\/\/voyageurs-desertsdumonde.com\/wp-content\/uploads\/2026\/04\/WhatsApp-Image-2026-04-17-at-09.14.11-4.jpeg","datePublished":"2026-04-19T16:17:13+00:00","dateModified":"2026-04-19T17:05:12+00:00","breadcrumb":{"@id":"https:\/\/voyageurs-desertsdumonde.com\/index.php\/egypte\/#breadcrumb"},"inLanguage":"fr-FR","potentialAction":[{"@type":"ReadAction","target":["https:\/\/voyageurs-desertsdumonde.com\/index.php\/egypte\/"]}]},{"@type":"ImageObject","inLanguage":"fr-FR","@id":"https:\/\/voyageurs-desertsdumonde.com\/index.php\/egypte\/#primaryimage","url":"https:\/\/voyageurs-desertsdumonde.com\/wp-content\/uploads\/2026\/04\/WhatsApp-Image-2026-04-17-at-09.14.11-4.jpeg","contentUrl":"https:\/\/voyageurs-desertsdumonde.com\/wp-content\/uploads\/2026\/04\/WhatsApp-Image-2026-04-17-at-09.14.11-4.jpeg","width":1600,"height":1204},{"@type":"BreadcrumbList","@id":"https:\/\/voyageurs-desertsdumonde.com\/index.php\/egypte\/#breadcrumb","itemListElement":[{"@type":"ListItem","position":1,"name":"Accueil","item":"https:\/\/voyageurs-desertsdumonde.com\/"},{"@type":"ListItem","position":2,"name":"Egypte"}]},{"@type":"WebSite","@id":"https:\/\/voyageurs-desertsdumonde.com\/#website","url":"https:\/\/voyageurs-desertsdumonde.com\/","name":"Voyageurs deserts du monde","description":"","publisher":{"@id":"https:\/\/voyageurs-desertsdumonde.com\/#organization"},"potentialAction":[{"@type":"SearchAction","target":{"@type":"EntryPoint","urlTemplate":"https:\/\/voyageurs-desertsdumonde.com\/?s={search_term_string}"},"query-input":{"@type":"PropertyValueSpecification","valueRequired":true,"valueName":"search_term_string"}}],"inLanguage":"fr-FR"},{"@type":"Organization","@id":"https:\/\/voyageurs-desertsdumonde.com\/#organization","name":"Voyageurs deserts du monde","url":"https:\/\/voyageurs-desertsdumonde.com\/","logo":{"@type":"ImageObject","inLanguage":"fr-FR","@id":"https:\/\/voyageurs-desertsdumonde.com\/#\/schema\/logo\/image\/","url":"https:\/\/voyageurs-desertsdumonde.com\/wp-content\/uploads\/2021\/08\/logo-vdm.png","contentUrl":"https:\/\/voyageurs-desertsdumonde.com\/wp-content\/uploads\/2021\/08\/logo-vdm.png","width":543,"height":290,"caption":"Voyageurs deserts du monde"},"image":{"@id":"https:\/\/voyageurs-desertsdumonde.com\/#\/schema\/logo\/image\/"}}]}},"_links":{"self":[{"href":"https:\/\/voyageurs-desertsdumonde.com\/index.php\/wp-json\/wp\/v2\/pages\/1642","targetHints":{"allow":["GET"]}}],"collection":[{"href":"https:\/\/voyageurs-desertsdumonde.com\/index.php\/wp-json\/wp\/v2\/pages"}],"about":[{"href":"https:\/\/voyageurs-desertsdumonde.com\/index.php\/wp-json\/wp\/v2\/types\/page"}],"author":[{"embeddable":true,"href":"https:\/\/voyageurs-desertsdumonde.com\/index.php\/wp-json\/wp\/v2\/users\/1"}],"replies":[{"embeddable":true,"href":"https:\/\/voyageurs-desertsdumonde.com\/index.php\/wp-json\/wp\/v2\/comments?post=1642"}],"version-history":[{"count":4,"href":"https:\/\/voyageurs-desertsdumonde.com\/index.php\/wp-json\/wp\/v2\/pages\/1642\/revisions"}],"predecessor-version":[{"id":1649,"href":"https:\/\/voyageurs-desertsdumonde.com\/index.php\/wp-json\/wp\/v2\/pages\/1642\/revisions\/1649"}],"wp:attachment":[{"href":"https:\/\/voyageurs-desertsdumonde.com\/index.php\/wp-json\/wp\/v2\/media?parent=1642"}],"curies":[{"name":"wp","href":"https:\/\/api.w.org\/{rel}","templated":true}]}}