{"id":1578,"date":"2026-03-01T13:49:08","date_gmt":"2026-03-01T12:49:08","guid":{"rendered":"https:\/\/voyageurs-desertsdumonde.com\/?page_id=1578"},"modified":"2026-03-01T13:56:29","modified_gmt":"2026-03-01T12:56:29","slug":"reduire-notre-empreinte-carbone","status":"publish","type":"page","link":"https:\/\/voyageurs-desertsdumonde.com\/index.php\/reduire-notre-empreinte-carbone\/","title":{"rendered":"R\u00e9duire notre empreinte carbone"},"content":{"rendered":"\t\t<div data-elementor-type=\"wp-page\" data-elementor-id=\"1578\" class=\"elementor elementor-1578\">\n\t\t\t\t\t\t<section class=\"elementor-section elementor-top-section elementor-element elementor-element-10f2b4b elementor-section-boxed elementor-section-height-default elementor-section-height-default row-top\" data-id=\"10f2b4b\" data-element_type=\"section\">\n\t\t\t\t\t\t<div class=\"elementor-container elementor-column-gap-default\">\n\t\t\t\t\t<div class=\"elementor-column elementor-col-50 elementor-top-column elementor-element elementor-element-6b19f50\" data-id=\"6b19f50\" data-element_type=\"column\">\n\t\t\t<div class=\"elementor-widget-wrap elementor-element-populated\">\n\t\t\t\t\t\t<div class=\"elementor-element elementor-element-eee2392 elementor-widget elementor-widget-text-editor\" data-id=\"eee2392\" data-element_type=\"widget\" data-widget_type=\"text-editor.default\">\n\t\t\t\t<div class=\"elementor-widget-container\">\n\t\t\t\t\t\t\t\t\t<p><span style=\"letter-spacing: -0.2px;\">Chez notre agence, nous avons choisi de proposer une autre fa\u00e7on de voyager \u00e0 travers le Sahara et le Nord de l\u2019Alg\u00e9rie : un tourisme responsable, respectueux de la nature et des populations locales.<\/span><\/p><p>Depuis 2022, nous nous engageons \u00e0 compenser les \u00e9missions de CO\u2082 g\u00e9n\u00e9r\u00e9es par nos circuits (transports, h\u00e9bergements et activit\u00e9s) gr\u00e2ce au soutien de programmes environnementaux, notamment la plantation d\u2019arbres et la protection des \u00e9cosyst\u00e8mes naturels, v\u00e9ritables \u00ab puits de carbone \u00bb capables d\u2019absorber le CO\u2082.<\/p><p>Nous privil\u00e9gions des moyens de transport adapt\u00e9s et optimis\u00e9s, des h\u00e9bergements locaux et \u00e9cologiques, ainsi que des itin\u00e9raires bien organis\u00e9s pour limiter notre impact sur l\u2019environnement.<\/p><p>Voyager avec notre agence, c\u2019est d\u00e9couvrir le d\u00e9sert, les montagnes et les villes du Nord de l\u2019Alg\u00e9rie autrement :<br \/>avec respect, s\u00e9curit\u00e9, authenticit\u00e9 et engagement pour un avenir plus durable.<br \/>Afin de pr\u00e9server la puret\u00e9 de l\u2019air, de r\u00e9duire les nuisances sonores et de limiter l\u2019impact environnemental li\u00e9 aux v\u00e9hicules motoris\u00e9s, notre agence a fait le choix d\u2019un mode de d\u00e9placement traditionnel et \u00e9cologique : les caravanes de chameaux.<\/p><p>Ce moyen de transport permet de traverser le d\u00e9sert dans le calme et la s\u00e9r\u00e9nit\u00e9, sans pollution ni perturbation de l\u2019environnement naturel. Il offre \u00e0 nos voyageurs une exp\u00e9rience authentique, respectueuse des \u00e9cosyst\u00e8mes et en harmonie avec les traditions locales.<\/p><p>Gr\u00e2ce \u00e0 ce choix responsable, nos circuits favorisent un tourisme durable, permettant de d\u00e9couvrir le Sahara alg\u00e9rien dans des conditions optimales, avec un air pur, un cadre paisible et une immersion totale dans la nature.<\/p><p>Voyager avec notre agence, c\u2019est opter pour une approche diff\u00e9rente du tourisme :<br \/>s\u00e9curis\u00e9e, organis\u00e9e et respectueuse de l\u2019environnement.<\/p>\t\t\t\t\t\t\t\t<\/div>\n\t\t\t\t<\/div>\n\t\t\t\t\t<\/div>\n\t\t<\/div>\n\t\t\t\t<div class=\"elementor-column elementor-col-50 elementor-top-column elementor-element elementor-element-d019185\" data-id=\"d019185\" data-element_type=\"column\">\n\t\t\t<div class=\"elementor-widget-wrap elementor-element-populated\">\n\t\t\t\t\t\t<div class=\"elementor-element elementor-element-355a46e elementor-widget elementor-widget-image\" data-id=\"355a46e\" data-element_type=\"widget\" data-widget_type=\"image.default\">\n\t\t\t\t<div class=\"elementor-widget-container\">\n\t\t\t\t\t\t\t\t\t\t\t\t\t\t\t<img fetchpriority=\"high\" decoding=\"async\" width=\"819\" height=\"1024\" src=\"https:\/\/voyageurs-desertsdumonde.com\/wp-content\/uploads\/2026\/03\/WhatsApp-Image-2026-03-01-at-13.44.49-819x1024.jpeg\" class=\"attachment-large size-large wp-image-1579\" alt=\"\" srcset=\"https:\/\/voyageurs-desertsdumonde.com\/wp-content\/uploads\/2026\/03\/WhatsApp-Image-2026-03-01-at-13.44.49-819x1024.jpeg 819w, https:\/\/voyageurs-desertsdumonde.com\/wp-content\/uploads\/2026\/03\/WhatsApp-Image-2026-03-01-at-13.44.49-768x960.jpeg 768w, https:\/\/voyageurs-desertsdumonde.com\/wp-content\/uploads\/2026\/03\/WhatsApp-Image-2026-03-01-at-13.44.49.jpeg 864w\" sizes=\"(max-width: 819px) 100vw, 819px\" \/>\t\t\t\t\t\t\t\t\t\t\t\t\t\t\t<\/div>\n\t\t\t\t<\/div>\n\t\t\t\t\t<\/div>\n\t\t<\/div>\n\t\t\t\t\t<\/div>\n\t\t<\/section>\n\t\t\t\t<section class=\"elementor-section elementor-top-section elementor-element elementor-element-d2367f2 elementor-section-boxed elementor-section-height-default elementor-section-height-default row-top\" data-id=\"d2367f2\" data-element_type=\"section\">\n\t\t\t\t\t\t<div class=\"elementor-container elementor-column-gap-default\">\n\t\t\t\t\t<div class=\"elementor-column elementor-col-50 elementor-top-column elementor-element elementor-element-023106c\" data-id=\"023106c\" data-element_type=\"column\">\n\t\t\t<div class=\"elementor-widget-wrap elementor-element-populated\">\n\t\t\t\t\t\t<div class=\"elementor-element elementor-element-6e8a629 elementor-widget elementor-widget-image\" data-id=\"6e8a629\" data-element_type=\"widget\" data-widget_type=\"image.default\">\n\t\t\t\t<div class=\"elementor-widget-container\">\n\t\t\t\t\t\t\t\t\t\t\t\t\t\t\t<img decoding=\"async\" width=\"900\" height=\"600\" src=\"https:\/\/voyageurs-desertsdumonde.com\/wp-content\/uploads\/2025\/12\/DSCF7385-1024x683.jpg\" class=\"attachment-large size-large wp-image-1485\" alt=\"\" srcset=\"https:\/\/voyageurs-desertsdumonde.com\/wp-content\/uploads\/2025\/12\/DSCF7385-1024x683.jpg 1024w, https:\/\/voyageurs-desertsdumonde.com\/wp-content\/uploads\/2025\/12\/DSCF7385-768x512.jpg 768w\" sizes=\"(max-width: 900px) 100vw, 900px\" \/>\t\t\t\t\t\t\t\t\t\t\t\t\t\t\t<\/div>\n\t\t\t\t<\/div>\n\t\t\t\t\t<\/div>\n\t\t<\/div>\n\t\t\t\t<div class=\"elementor-column elementor-col-50 elementor-top-column elementor-element elementor-element-35efa72\" data-id=\"35efa72\" data-element_type=\"column\">\n\t\t\t<div class=\"elementor-widget-wrap elementor-element-populated\">\n\t\t\t\t\t\t<div class=\"elementor-element elementor-element-c430aad elementor-widget elementor-widget-text-editor\" data-id=\"c430aad\" data-element_type=\"widget\" data-widget_type=\"text-editor.default\">\n\t\t\t\t<div class=\"elementor-widget-container\">\n\t\t\t\t\t\t\t\t\t<p>Dans notre agence de voyages, nous faisons de la s\u00e9curit\u00e9 une valeur fondamentale et un engagement permanent envers nos clients.<\/p><p>Nous s\u00e9lectionnons avec la plus grande rigueur des destinations autoris\u00e9es, stables et reconnues pour leur fiabilit\u00e9, afin d\u2019offrir \u00e0 nos voyageurs des exp\u00e9riences uniques dans un cadre parfaitement ma\u00eetris\u00e9.<br \/>Aucune destination n\u2019est propos\u00e9e sans une \u00e9valuation approfondie des conditions de s\u00e9curit\u00e9 et de stabilit\u00e9.<\/p><p>Notre exigence de qualit\u00e9 se refl\u00e8te dans le choix de nos itin\u00e9raires, de nos partenaires et de nos moyens de transport, garantissant ainsi des voyages haut de gamme, s\u00fbrs et parfaitement organis\u00e9s.<\/p><p>Nous suivons attentivement les recommandations officielles et l\u2019\u00e9volution des situations internationales pour adapter nos programmes et assurer \u00e0 nos clients une tranquillit\u00e9 d\u2019esprit totale \u00e0 chaque \u00e9tape de leur voyage.<\/p><p>Voyager avec notre agence, c\u2019est choisir l\u2019excellence, la s\u00e9r\u00e9nit\u00e9 et la confiance.<br \/>Votre s\u00e9curit\u00e9 est notre promesse, votre satisfaction est notre r\u00e9ussite.<\/p>\t\t\t\t\t\t\t\t<\/div>\n\t\t\t\t<\/div>\n\t\t\t\t\t<\/div>\n\t\t<\/div>\n\t\t\t\t\t<\/div>\n\t\t<\/section>\n\t\t\t\t<\/div>\n\t\t","protected":false},"excerpt":{"rendered":"<p>Chez notre agence, nous avons choisi de proposer une autre fa\u00e7on de voyager \u00e0 travers le Sahara et le Nord de l\u2019Alg\u00e9rie : un tourisme responsable, respectueux de la nature [&hellip;]<\/p>\n","protected":false},"author":1,"featured_media":0,"parent":0,"menu_order":0,"comment_status":"closed","ping_status":"closed","template":"","meta":{"footnotes":""},"class_list":["post-1578","page","type-page","status-publish","hentry"],"yoast_head":"<!-- This site is optimized with the Yoast SEO plugin v24.6 - https:\/\/yoast.com\/wordpress\/plugins\/seo\/ -->\n<title>R\u00e9duire notre empreinte carbone - Voyageurs deserts du monde<\/title>\n<meta name=\"robots\" content=\"index, follow, max-snippet:-1, max-image-preview:large, max-video-preview:-1\" \/>\n<link rel=\"canonical\" href=\"https:\/\/voyageurs-desertsdumonde.com\/index.php\/reduire-notre-empreinte-carbone\/\" \/>\n<meta property=\"og:locale\" content=\"fr_FR\" \/>\n<meta property=\"og:type\" content=\"article\" \/>\n<meta property=\"og:title\" content=\"R\u00e9duire notre empreinte carbone - Voyageurs deserts du monde\" \/>\n<meta property=\"og:description\" content=\"Chez notre agence, nous avons choisi de proposer une autre fa\u00e7on de voyager \u00e0 travers le Sahara et le Nord de l\u2019Alg\u00e9rie : un tourisme responsable, respectueux de la nature [&hellip;]\" \/>\n<meta property=\"og:url\" content=\"https:\/\/voyageurs-desertsdumonde.com\/index.php\/reduire-notre-empreinte-carbone\/\" \/>\n<meta property=\"og:site_name\" content=\"Voyageurs deserts du monde\" \/>\n<meta property=\"article:modified_time\" content=\"2026-03-01T12:56:29+00:00\" \/>\n<meta property=\"og:image\" content=\"https:\/\/voyageurs-desertsdumonde.com\/wp-content\/uploads\/2026\/03\/WhatsApp-Image-2026-03-01-at-13.44.49.jpeg\" \/>\n\t<meta property=\"og:image:width\" content=\"864\" \/>\n\t<meta property=\"og:image:height\" content=\"1080\" \/>\n\t<meta property=\"og:image:type\" content=\"image\/jpeg\" \/>\n<meta name=\"twitter:card\" content=\"summary_large_image\" \/>\n<meta name=\"twitter:label1\" content=\"Dur\u00e9e de lecture estim\u00e9e\" \/>\n\t<meta name=\"twitter:data1\" content=\"3 minutes\" \/>\n<script type=\"application\/ld+json\" class=\"yoast-schema-graph\">{\"@context\":\"https:\/\/schema.org\",\"@graph\":[{\"@type\":\"WebPage\",\"@id\":\"https:\/\/voyageurs-desertsdumonde.com\/index.php\/reduire-notre-empreinte-carbone\/\",\"url\":\"https:\/\/voyageurs-desertsdumonde.com\/index.php\/reduire-notre-empreinte-carbone\/\",\"name\":\"R\u00e9duire notre empreinte carbone - Voyageurs deserts du monde\",\"isPartOf\":{\"@id\":\"https:\/\/voyageurs-desertsdumonde.com\/#website\"},\"primaryImageOfPage\":{\"@id\":\"https:\/\/voyageurs-desertsdumonde.com\/index.php\/reduire-notre-empreinte-carbone\/#primaryimage\"},\"image\":{\"@id\":\"https:\/\/voyageurs-desertsdumonde.com\/index.php\/reduire-notre-empreinte-carbone\/#primaryimage\"},\"thumbnailUrl\":\"https:\/\/voyageurs-desertsdumonde.com\/wp-content\/uploads\/2026\/03\/WhatsApp-Image-2026-03-01-at-13.44.49-819x1024.jpeg\",\"datePublished\":\"2026-03-01T12:49:08+00:00\",\"dateModified\":\"2026-03-01T12:56:29+00:00\",\"breadcrumb\":{\"@id\":\"https:\/\/voyageurs-desertsdumonde.com\/index.php\/reduire-notre-empreinte-carbone\/#breadcrumb\"},\"inLanguage\":\"fr-FR\",\"potentialAction\":[{\"@type\":\"ReadAction\",\"target\":[\"https:\/\/voyageurs-desertsdumonde.com\/index.php\/reduire-notre-empreinte-carbone\/\"]}]},{\"@type\":\"ImageObject\",\"inLanguage\":\"fr-FR\",\"@id\":\"https:\/\/voyageurs-desertsdumonde.com\/index.php\/reduire-notre-empreinte-carbone\/#primaryimage\",\"url\":\"https:\/\/voyageurs-desertsdumonde.com\/wp-content\/uploads\/2026\/03\/WhatsApp-Image-2026-03-01-at-13.44.49.jpeg\",\"contentUrl\":\"https:\/\/voyageurs-desertsdumonde.com\/wp-content\/uploads\/2026\/03\/WhatsApp-Image-2026-03-01-at-13.44.49.jpeg\",\"width\":864,\"height\":1080},{\"@type\":\"BreadcrumbList\",\"@id\":\"https:\/\/voyageurs-desertsdumonde.com\/index.php\/reduire-notre-empreinte-carbone\/#breadcrumb\",\"itemListElement\":[{\"@type\":\"ListItem\",\"position\":1,\"name\":\"Accueil\",\"item\":\"https:\/\/voyageurs-desertsdumonde.com\/\"},{\"@type\":\"ListItem\",\"position\":2,\"name\":\"R\u00e9duire notre empreinte carbone\"}]},{\"@type\":\"WebSite\",\"@id\":\"https:\/\/voyageurs-desertsdumonde.com\/#website\",\"url\":\"https:\/\/voyageurs-desertsdumonde.com\/\",\"name\":\"Voyageurs deserts du monde\",\"description\":\"\",\"publisher\":{\"@id\":\"https:\/\/voyageurs-desertsdumonde.com\/#organization\"},\"potentialAction\":[{\"@type\":\"SearchAction\",\"target\":{\"@type\":\"EntryPoint\",\"urlTemplate\":\"https:\/\/voyageurs-desertsdumonde.com\/?s={search_term_string}\"},\"query-input\":{\"@type\":\"PropertyValueSpecification\",\"valueRequired\":true,\"valueName\":\"search_term_string\"}}],\"inLanguage\":\"fr-FR\"},{\"@type\":\"Organization\",\"@id\":\"https:\/\/voyageurs-desertsdumonde.com\/#organization\",\"name\":\"Voyageurs deserts du monde\",\"url\":\"https:\/\/voyageurs-desertsdumonde.com\/\",\"logo\":{\"@type\":\"ImageObject\",\"inLanguage\":\"fr-FR\",\"@id\":\"https:\/\/voyageurs-desertsdumonde.com\/#\/schema\/logo\/image\/\",\"url\":\"https:\/\/voyageurs-desertsdumonde.com\/wp-content\/uploads\/2021\/08\/logo-vdm.png\",\"contentUrl\":\"https:\/\/voyageurs-desertsdumonde.com\/wp-content\/uploads\/2021\/08\/logo-vdm.png\",\"width\":543,\"height\":290,\"caption\":\"Voyageurs deserts du monde\"},\"image\":{\"@id\":\"https:\/\/voyageurs-desertsdumonde.com\/#\/schema\/logo\/image\/\"}}]}<\/script>\n<!-- \/ Yoast SEO plugin. -->","yoast_head_json":{"title":"R\u00e9duire notre empreinte carbone - Voyageurs deserts du monde","robots":{"index":"index","follow":"follow","max-snippet":"max-snippet:-1","max-image-preview":"max-image-preview:large","max-video-preview":"max-video-preview:-1"},"canonical":"https:\/\/voyageurs-desertsdumonde.com\/index.php\/reduire-notre-empreinte-carbone\/","og_locale":"fr_FR","og_type":"article","og_title":"R\u00e9duire notre empreinte carbone - Voyageurs deserts du monde","og_description":"Chez notre agence, nous avons choisi de proposer une autre fa\u00e7on de voyager \u00e0 travers le Sahara et le Nord de l\u2019Alg\u00e9rie : un tourisme responsable, respectueux de la nature [&hellip;]","og_url":"https:\/\/voyageurs-desertsdumonde.com\/index.php\/reduire-notre-empreinte-carbone\/","og_site_name":"Voyageurs deserts du monde","article_modified_time":"2026-03-01T12:56:29+00:00","og_image":[{"width":864,"height":1080,"url":"https:\/\/voyageurs-desertsdumonde.com\/wp-content\/uploads\/2026\/03\/WhatsApp-Image-2026-03-01-at-13.44.49.jpeg","type":"image\/jpeg"}],"twitter_card":"summary_large_image","twitter_misc":{"Dur\u00e9e de lecture estim\u00e9e":"3 minutes"},"schema":{"@context":"https:\/\/schema.org","@graph":[{"@type":"WebPage","@id":"https:\/\/voyageurs-desertsdumonde.com\/index.php\/reduire-notre-empreinte-carbone\/","url":"https:\/\/voyageurs-desertsdumonde.com\/index.php\/reduire-notre-empreinte-carbone\/","name":"R\u00e9duire notre empreinte carbone - Voyageurs deserts du monde","isPartOf":{"@id":"https:\/\/voyageurs-desertsdumonde.com\/#website"},"primaryImageOfPage":{"@id":"https:\/\/voyageurs-desertsdumonde.com\/index.php\/reduire-notre-empreinte-carbone\/#primaryimage"},"image":{"@id":"https:\/\/voyageurs-desertsdumonde.com\/index.php\/reduire-notre-empreinte-carbone\/#primaryimage"},"thumbnailUrl":"https:\/\/voyageurs-desertsdumonde.com\/wp-content\/uploads\/2026\/03\/WhatsApp-Image-2026-03-01-at-13.44.49-819x1024.jpeg","datePublished":"2026-03-01T12:49:08+00:00","dateModified":"2026-03-01T12:56:29+00:00","breadcrumb":{"@id":"https:\/\/voyageurs-desertsdumonde.com\/index.php\/reduire-notre-empreinte-carbone\/#breadcrumb"},"inLanguage":"fr-FR","potentialAction":[{"@type":"ReadAction","target":["https:\/\/voyageurs-desertsdumonde.com\/index.php\/reduire-notre-empreinte-carbone\/"]}]},{"@type":"ImageObject","inLanguage":"fr-FR","@id":"https:\/\/voyageurs-desertsdumonde.com\/index.php\/reduire-notre-empreinte-carbone\/#primaryimage","url":"https:\/\/voyageurs-desertsdumonde.com\/wp-content\/uploads\/2026\/03\/WhatsApp-Image-2026-03-01-at-13.44.49.jpeg","contentUrl":"https:\/\/voyageurs-desertsdumonde.com\/wp-content\/uploads\/2026\/03\/WhatsApp-Image-2026-03-01-at-13.44.49.jpeg","width":864,"height":1080},{"@type":"BreadcrumbList","@id":"https:\/\/voyageurs-desertsdumonde.com\/index.php\/reduire-notre-empreinte-carbone\/#breadcrumb","itemListElement":[{"@type":"ListItem","position":1,"name":"Accueil","item":"https:\/\/voyageurs-desertsdumonde.com\/"},{"@type":"ListItem","position":2,"name":"R\u00e9duire notre empreinte carbone"}]},{"@type":"WebSite","@id":"https:\/\/voyageurs-desertsdumonde.com\/#website","url":"https:\/\/voyageurs-desertsdumonde.com\/","name":"Voyageurs deserts du monde","description":"","publisher":{"@id":"https:\/\/voyageurs-desertsdumonde.com\/#organization"},"potentialAction":[{"@type":"SearchAction","target":{"@type":"EntryPoint","urlTemplate":"https:\/\/voyageurs-desertsdumonde.com\/?s={search_term_string}"},"query-input":{"@type":"PropertyValueSpecification","valueRequired":true,"valueName":"search_term_string"}}],"inLanguage":"fr-FR"},{"@type":"Organization","@id":"https:\/\/voyageurs-desertsdumonde.com\/#organization","name":"Voyageurs deserts du monde","url":"https:\/\/voyageurs-desertsdumonde.com\/","logo":{"@type":"ImageObject","inLanguage":"fr-FR","@id":"https:\/\/voyageurs-desertsdumonde.com\/#\/schema\/logo\/image\/","url":"https:\/\/voyageurs-desertsdumonde.com\/wp-content\/uploads\/2021\/08\/logo-vdm.png","contentUrl":"https:\/\/voyageurs-desertsdumonde.com\/wp-content\/uploads\/2021\/08\/logo-vdm.png","width":543,"height":290,"caption":"Voyageurs deserts du monde"},"image":{"@id":"https:\/\/voyageurs-desertsdumonde.com\/#\/schema\/logo\/image\/"}}]}},"_links":{"self":[{"href":"https:\/\/voyageurs-desertsdumonde.com\/index.php\/wp-json\/wp\/v2\/pages\/1578","targetHints":{"allow":["GET"]}}],"collection":[{"href":"https:\/\/voyageurs-desertsdumonde.com\/index.php\/wp-json\/wp\/v2\/pages"}],"about":[{"href":"https:\/\/voyageurs-desertsdumonde.com\/index.php\/wp-json\/wp\/v2\/types\/page"}],"author":[{"embeddable":true,"href":"https:\/\/voyageurs-desertsdumonde.com\/index.php\/wp-json\/wp\/v2\/users\/1"}],"replies":[{"embeddable":true,"href":"https:\/\/voyageurs-desertsdumonde.com\/index.php\/wp-json\/wp\/v2\/comments?post=1578"}],"version-history":[{"count":7,"href":"https:\/\/voyageurs-desertsdumonde.com\/index.php\/wp-json\/wp\/v2\/pages\/1578\/revisions"}],"predecessor-version":[{"id":1587,"href":"https:\/\/voyageurs-desertsdumonde.com\/index.php\/wp-json\/wp\/v2\/pages\/1578\/revisions\/1587"}],"wp:attachment":[{"href":"https:\/\/voyageurs-desertsdumonde.com\/index.php\/wp-json\/wp\/v2\/media?parent=1578"}],"curies":[{"name":"wp","href":"https:\/\/api.w.org\/{rel}","templated":true}]}}