{"id":1309,"date":"2025-02-16T15:11:50","date_gmt":"2025-02-16T14:11:50","guid":{"rendered":"https:\/\/voyageurs-desertsdumonde.com\/?page_id=1309"},"modified":"2025-02-16T15:24:05","modified_gmt":"2025-02-16T14:24:05","slug":"asie","status":"publish","type":"page","link":"https:\/\/voyageurs-desertsdumonde.com\/index.php\/asie\/","title":{"rendered":"Asie"},"content":{"rendered":"\t\t<div data-elementor-type=\"wp-page\" data-elementor-id=\"1309\" class=\"elementor elementor-1309\">\n\t\t\t\t\t\t<section class=\"elementor-section elementor-top-section elementor-element elementor-element-8e2b1de elementor-section-boxed elementor-section-height-default elementor-section-height-default row-top\" data-id=\"8e2b1de\" data-element_type=\"section\" data-settings=\"{&quot;background_background&quot;:&quot;slideshow&quot;,&quot;background_slideshow_gallery&quot;:[{&quot;id&quot;:1312,&quot;url&quot;:&quot;https:\\\/\\\/voyageurs-desertsdumonde.com\\\/wp-content\\\/uploads\\\/2025\\\/02\\\/bnmpfpusci0.jpg&quot;},{&quot;id&quot;:1313,&quot;url&quot;:&quot;https:\\\/\\\/voyageurs-desertsdumonde.com\\\/wp-content\\\/uploads\\\/2025\\\/02\\\/les-plus-beaux-pays-dasie.jpg&quot;}],&quot;background_slideshow_loop&quot;:&quot;yes&quot;,&quot;background_slideshow_slide_duration&quot;:5000,&quot;background_slideshow_slide_transition&quot;:&quot;fade&quot;,&quot;background_slideshow_transition_duration&quot;:500}\">\n\t\t\t\t\t\t<div class=\"elementor-container elementor-column-gap-default\">\n\t\t\t\t\t<div class=\"elementor-column elementor-col-100 elementor-top-column elementor-element elementor-element-fc621be\" data-id=\"fc621be\" data-element_type=\"column\" data-settings=\"{&quot;background_background&quot;:&quot;slideshow&quot;,&quot;background_slideshow_gallery&quot;:[],&quot;background_slideshow_loop&quot;:&quot;yes&quot;,&quot;background_slideshow_slide_duration&quot;:5000,&quot;background_slideshow_slide_transition&quot;:&quot;fade&quot;,&quot;background_slideshow_transition_duration&quot;:500}\">\n\t\t\t<div class=\"elementor-widget-wrap elementor-element-populated\">\n\t\t\t\t\t\t<div class=\"elementor-element elementor-element-2dc681d elementor-widget elementor-widget-gva-heading-block\" data-id=\"2dc681d\" data-element_type=\"widget\" data-widget_type=\"gva-heading-block.default\">\n\t\t\t\t<div class=\"elementor-widget-container\">\n\t\t\t\t\t<div class=\"gva-element-gva-heading-block gva-element\">   <div class=\"align-left style-1 widget gsc-heading box-align-left auto-responsive\">\r\n      <div class=\"content-inner\">\r\n         \r\n                  \r\n           \r\n         \r\n                     <h2 class=\"title\">\r\n               <span>Asie<\/span>\r\n            <\/h2>\r\n                  \r\n         \r\n      <\/div>\r\n   <\/div>\r\n<\/div>\t\t\t\t<\/div>\n\t\t\t\t<\/div>\n\t\t\t\t\t<\/div>\n\t\t<\/div>\n\t\t\t\t\t<\/div>\n\t\t<\/section>\n\t\t\t\t<section class=\"elementor-section elementor-top-section elementor-element elementor-element-28c052b elementor-section-boxed elementor-section-height-default elementor-section-height-default row-top\" data-id=\"28c052b\" data-element_type=\"section\">\n\t\t\t\t\t\t<div class=\"elementor-container elementor-column-gap-default\">\n\t\t\t\t\t<div class=\"elementor-column elementor-col-100 elementor-top-column elementor-element elementor-element-61c1c72\" data-id=\"61c1c72\" data-element_type=\"column\">\n\t\t\t<div class=\"elementor-widget-wrap elementor-element-populated\">\n\t\t\t\t\t\t<div class=\"elementor-element elementor-element-8531fd9 elementor-widget elementor-widget-gva-heading-block\" data-id=\"8531fd9\" data-element_type=\"widget\" data-widget_type=\"gva-heading-block.default\">\n\t\t\t\t<div class=\"elementor-widget-container\">\n\t\t\t\t\t<div class=\"gva-element-gva-heading-block gva-element\">   <div class=\"align-center style-1 widget gsc-heading box-align-center auto-responsive\">\r\n      <div class=\"content-inner\">\r\n         \r\n                  \r\n                     <div class=\"sub-title\"><span>Nos destinations<\/span><\/div>\r\n           \r\n         \r\n                     <h2 class=\"title\">\r\n               <span>Pour l'Asie<\/span>\r\n            <\/h2>\r\n                  \r\n         \r\n      <\/div>\r\n   <\/div>\r\n<\/div>\t\t\t\t<\/div>\n\t\t\t\t<\/div>\n\t\t\t\t<div class=\"elementor-element elementor-element-bc8a4f0 elementor-widget elementor-widget-video\" data-id=\"bc8a4f0\" data-element_type=\"widget\" data-settings=\"{&quot;video_type&quot;:&quot;hosted&quot;,&quot;controls&quot;:&quot;yes&quot;}\" data-widget_type=\"video.default\">\n\t\t\t\t<div class=\"elementor-widget-container\">\n\t\t\t\t\t\t\t<div class=\"e-hosted-video elementor-wrapper elementor-open-inline\">\n\t\t\t\t\t<video class=\"elementor-video\" src=\"https:\/\/voyageurs-desertsdumonde.com\/wp-content\/uploads\/2025\/02\/asie.mp4\" controls=\"\" preload=\"metadata\" controlsList=\"nodownload\"><\/video>\n\t\t\t\t<\/div>\n\t\t\t\t\t\t<\/div>\n\t\t\t\t<\/div>\n\t\t\t\t<div class=\"elementor-element elementor-element-30a4fda elementor-widget elementor-widget-text-editor\" data-id=\"30a4fda\" data-element_type=\"widget\" data-widget_type=\"text-editor.default\">\n\t\t\t\t<div class=\"elementor-widget-container\">\n\t\t\t\t\t\t\t\t\t<h3 data-start=\"0\" data-end=\"64\"><strong data-start=\"7\" data-end=\"59\"> Prochainement, des Voyages en Asie !<\/strong> \u2708\ufe0f<\/h3><p data-start=\"66\" data-end=\"292\">Pr\u00e9parez-vous \u00e0 d\u00e9couvrir de <strong data-start=\"95\" data-end=\"129\">nouvelles destinations en Asie<\/strong> ! Tr\u00e8s bient\u00f4t, nous vous proposerons des circuits exceptionnels \u00e0 travers des pays fascinants, riches en <strong data-start=\"236\" data-end=\"289\">culture, histoire et paysages \u00e0 couper le souffle<\/strong>.<\/p><p data-start=\"294\" data-end=\"491\">\ud83c\udf38 <strong data-start=\"297\" data-end=\"372\">Des temples majestueux, des plages paradisiaques, des villes vibrantes\u2026<\/strong><br data-start=\"372\" data-end=\"375\" \/>\ud83c\udfef <strong data-start=\"378\" data-end=\"436\">Une immersion authentique avec des guides exp\u00e9riment\u00e9s<\/strong><br data-start=\"436\" data-end=\"439\" \/>\ud83c\udf5c <strong data-start=\"442\" data-end=\"489\">Une aventure culinaire et culturelle unique<\/strong><\/p><p data-start=\"493\" data-end=\"554\">\ud83d\udd1c <strong data-start=\"496\" data-end=\"518\">Restez connect\u00e9s !<\/strong> Plus d\u2019informations tr\u00e8s bient\u00f4t.<\/p><p data-start=\"556\" data-end=\"637\" data-is-last-node=\"\">\ud83d\udce9 <strong data-start=\"559\" data-end=\"637\" data-is-last-node=\"\">Envie d\u2019\u00eatre parmi les premiers \u00e0 partir ? Contactez-nous d\u00e8s maintenant !<\/strong><\/p>\t\t\t\t\t\t\t\t<\/div>\n\t\t\t\t<\/div>\n\t\t\t\t\t<\/div>\n\t\t<\/div>\n\t\t\t\t\t<\/div>\n\t\t<\/section>\n\t\t\t\t<\/div>\n\t\t","protected":false},"excerpt":{"rendered":"<p>There are many of lorem ipsum available but the have in some form.<\/p>\n","protected":false},"author":1,"featured_media":0,"parent":0,"menu_order":0,"comment_status":"closed","ping_status":"closed","template":"","meta":{"footnotes":""},"class_list":["post-1309","page","type-page","status-publish","hentry"],"yoast_head":"<!-- This site is optimized with the Yoast SEO plugin v24.6 - https:\/\/yoast.com\/wordpress\/plugins\/seo\/ -->\n<title>Asie - Voyageurs deserts du monde<\/title>\n<meta name=\"robots\" content=\"index, follow, max-snippet:-1, max-image-preview:large, max-video-preview:-1\" \/>\n<link rel=\"canonical\" href=\"https:\/\/voyageurs-desertsdumonde.com\/index.php\/asie\/\" \/>\n<meta property=\"og:locale\" content=\"fr_FR\" \/>\n<meta property=\"og:type\" content=\"article\" \/>\n<meta property=\"og:title\" content=\"Asie - Voyageurs deserts du monde\" \/>\n<meta property=\"og:description\" content=\"There are many of lorem ipsum available but the have in some form.\" \/>\n<meta property=\"og:url\" content=\"https:\/\/voyageurs-desertsdumonde.com\/index.php\/asie\/\" \/>\n<meta property=\"og:site_name\" content=\"Voyageurs deserts du monde\" \/>\n<meta property=\"article:modified_time\" content=\"2025-02-16T14:24:05+00:00\" \/>\n<meta name=\"twitter:card\" content=\"summary_large_image\" \/>\n<script type=\"application\/ld+json\" class=\"yoast-schema-graph\">{\"@context\":\"https:\/\/schema.org\",\"@graph\":[{\"@type\":\"WebPage\",\"@id\":\"https:\/\/voyageurs-desertsdumonde.com\/index.php\/asie\/\",\"url\":\"https:\/\/voyageurs-desertsdumonde.com\/index.php\/asie\/\",\"name\":\"Asie - Voyageurs deserts du monde\",\"isPartOf\":{\"@id\":\"https:\/\/voyageurs-desertsdumonde.com\/#website\"},\"datePublished\":\"2025-02-16T14:11:50+00:00\",\"dateModified\":\"2025-02-16T14:24:05+00:00\",\"breadcrumb\":{\"@id\":\"https:\/\/voyageurs-desertsdumonde.com\/index.php\/asie\/#breadcrumb\"},\"inLanguage\":\"fr-FR\",\"potentialAction\":[{\"@type\":\"ReadAction\",\"target\":[\"https:\/\/voyageurs-desertsdumonde.com\/index.php\/asie\/\"]}]},{\"@type\":\"BreadcrumbList\",\"@id\":\"https:\/\/voyageurs-desertsdumonde.com\/index.php\/asie\/#breadcrumb\",\"itemListElement\":[{\"@type\":\"ListItem\",\"position\":1,\"name\":\"Accueil\",\"item\":\"https:\/\/voyageurs-desertsdumonde.com\/\"},{\"@type\":\"ListItem\",\"position\":2,\"name\":\"Asie\"}]},{\"@type\":\"WebSite\",\"@id\":\"https:\/\/voyageurs-desertsdumonde.com\/#website\",\"url\":\"https:\/\/voyageurs-desertsdumonde.com\/\",\"name\":\"Voyageurs deserts du monde\",\"description\":\"\",\"publisher\":{\"@id\":\"https:\/\/voyageurs-desertsdumonde.com\/#organization\"},\"potentialAction\":[{\"@type\":\"SearchAction\",\"target\":{\"@type\":\"EntryPoint\",\"urlTemplate\":\"https:\/\/voyageurs-desertsdumonde.com\/?s={search_term_string}\"},\"query-input\":{\"@type\":\"PropertyValueSpecification\",\"valueRequired\":true,\"valueName\":\"search_term_string\"}}],\"inLanguage\":\"fr-FR\"},{\"@type\":\"Organization\",\"@id\":\"https:\/\/voyageurs-desertsdumonde.com\/#organization\",\"name\":\"Voyageurs deserts du monde\",\"url\":\"https:\/\/voyageurs-desertsdumonde.com\/\",\"logo\":{\"@type\":\"ImageObject\",\"inLanguage\":\"fr-FR\",\"@id\":\"https:\/\/voyageurs-desertsdumonde.com\/#\/schema\/logo\/image\/\",\"url\":\"https:\/\/voyageurs-desertsdumonde.com\/wp-content\/uploads\/2021\/08\/logo-vdm.png\",\"contentUrl\":\"https:\/\/voyageurs-desertsdumonde.com\/wp-content\/uploads\/2021\/08\/logo-vdm.png\",\"width\":543,\"height\":290,\"caption\":\"Voyageurs deserts du monde\"},\"image\":{\"@id\":\"https:\/\/voyageurs-desertsdumonde.com\/#\/schema\/logo\/image\/\"}}]}<\/script>\n<!-- \/ Yoast SEO plugin. -->","yoast_head_json":{"title":"Asie - Voyageurs deserts du monde","robots":{"index":"index","follow":"follow","max-snippet":"max-snippet:-1","max-image-preview":"max-image-preview:large","max-video-preview":"max-video-preview:-1"},"canonical":"https:\/\/voyageurs-desertsdumonde.com\/index.php\/asie\/","og_locale":"fr_FR","og_type":"article","og_title":"Asie - Voyageurs deserts du monde","og_description":"There are many of lorem ipsum available but the have in some form.","og_url":"https:\/\/voyageurs-desertsdumonde.com\/index.php\/asie\/","og_site_name":"Voyageurs deserts du monde","article_modified_time":"2025-02-16T14:24:05+00:00","twitter_card":"summary_large_image","schema":{"@context":"https:\/\/schema.org","@graph":[{"@type":"WebPage","@id":"https:\/\/voyageurs-desertsdumonde.com\/index.php\/asie\/","url":"https:\/\/voyageurs-desertsdumonde.com\/index.php\/asie\/","name":"Asie - Voyageurs deserts du monde","isPartOf":{"@id":"https:\/\/voyageurs-desertsdumonde.com\/#website"},"datePublished":"2025-02-16T14:11:50+00:00","dateModified":"2025-02-16T14:24:05+00:00","breadcrumb":{"@id":"https:\/\/voyageurs-desertsdumonde.com\/index.php\/asie\/#breadcrumb"},"inLanguage":"fr-FR","potentialAction":[{"@type":"ReadAction","target":["https:\/\/voyageurs-desertsdumonde.com\/index.php\/asie\/"]}]},{"@type":"BreadcrumbList","@id":"https:\/\/voyageurs-desertsdumonde.com\/index.php\/asie\/#breadcrumb","itemListElement":[{"@type":"ListItem","position":1,"name":"Accueil","item":"https:\/\/voyageurs-desertsdumonde.com\/"},{"@type":"ListItem","position":2,"name":"Asie"}]},{"@type":"WebSite","@id":"https:\/\/voyageurs-desertsdumonde.com\/#website","url":"https:\/\/voyageurs-desertsdumonde.com\/","name":"Voyageurs deserts du monde","description":"","publisher":{"@id":"https:\/\/voyageurs-desertsdumonde.com\/#organization"},"potentialAction":[{"@type":"SearchAction","target":{"@type":"EntryPoint","urlTemplate":"https:\/\/voyageurs-desertsdumonde.com\/?s={search_term_string}"},"query-input":{"@type":"PropertyValueSpecification","valueRequired":true,"valueName":"search_term_string"}}],"inLanguage":"fr-FR"},{"@type":"Organization","@id":"https:\/\/voyageurs-desertsdumonde.com\/#organization","name":"Voyageurs deserts du monde","url":"https:\/\/voyageurs-desertsdumonde.com\/","logo":{"@type":"ImageObject","inLanguage":"fr-FR","@id":"https:\/\/voyageurs-desertsdumonde.com\/#\/schema\/logo\/image\/","url":"https:\/\/voyageurs-desertsdumonde.com\/wp-content\/uploads\/2021\/08\/logo-vdm.png","contentUrl":"https:\/\/voyageurs-desertsdumonde.com\/wp-content\/uploads\/2021\/08\/logo-vdm.png","width":543,"height":290,"caption":"Voyageurs deserts du monde"},"image":{"@id":"https:\/\/voyageurs-desertsdumonde.com\/#\/schema\/logo\/image\/"}}]}},"_links":{"self":[{"href":"https:\/\/voyageurs-desertsdumonde.com\/index.php\/wp-json\/wp\/v2\/pages\/1309","targetHints":{"allow":["GET"]}}],"collection":[{"href":"https:\/\/voyageurs-desertsdumonde.com\/index.php\/wp-json\/wp\/v2\/pages"}],"about":[{"href":"https:\/\/voyageurs-desertsdumonde.com\/index.php\/wp-json\/wp\/v2\/types\/page"}],"author":[{"embeddable":true,"href":"https:\/\/voyageurs-desertsdumonde.com\/index.php\/wp-json\/wp\/v2\/users\/1"}],"replies":[{"embeddable":true,"href":"https:\/\/voyageurs-desertsdumonde.com\/index.php\/wp-json\/wp\/v2\/comments?post=1309"}],"version-history":[{"count":9,"href":"https:\/\/voyageurs-desertsdumonde.com\/index.php\/wp-json\/wp\/v2\/pages\/1309\/revisions"}],"predecessor-version":[{"id":1324,"href":"https:\/\/voyageurs-desertsdumonde.com\/index.php\/wp-json\/wp\/v2\/pages\/1309\/revisions\/1324"}],"wp:attachment":[{"href":"https:\/\/voyageurs-desertsdumonde.com\/index.php\/wp-json\/wp\/v2\/media?parent=1309"}],"curies":[{"name":"wp","href":"https:\/\/api.w.org\/{rel}","templated":true}]}}